{"id":319,"date":"2019-02-20T09:50:24","date_gmt":"2019-02-20T08:50:24","guid":{"rendered":"http:\/\/www.couriraveclirahm.be\/?page_id=319"},"modified":"2026-01-16T12:11:11","modified_gmt":"2026-01-16T11:11:11","slug":"merci-a-nos-sponsors","status":"publish","type":"page","link":"https:\/\/www.couriraveclirahm.be\/index.php\/merci-a-nos-sponsors\/","title":{"rendered":"REMERCIEMENTS"},"content":{"rendered":"<div id=\"pl-319\"  class=\"panel-layout\" ><div id=\"pg-319-0\"  class=\"panel-grid panel-no-style\" ><div id=\"pgc-319-0-0\"  class=\"panel-grid-cell\" ><div id=\"panel-319-0-0-0\" class=\"so-panel widget widget_sow-editor panel-first-child\" data-index=\"0\" ><div\n\t\t\t\n\t\t\tclass=\"so-widget-sow-editor so-widget-sow-editor-base\"\n\t\t\t\n\t\t>\n<div class=\"siteorigin-widget-tinymce textwidget\">\n\t<header class=\"entry-header\">\n<h1 class=\"entry-title\"><span style=\"color: #555555; font-family: inherit; font-size: 18px;\">Nous tenons \u00e0 remercier nos sponsors de l\u2019\u00e9dition de 2025!<\/span><\/h1>\n<p>Merci \u00e9galement \u00e0 toutes les petites mains, les b\u00e9n\u00e9voles, et les coureurs pour qui rendent ce projet possible et permettent \u00e0 chacun de se faire de si chouettes souvenirs.<\/p>\n<\/header>\n<\/div>\n<\/div><\/div><div id=\"panel-319-0-0-1\" class=\"so-panel widget widget_sow-slider panel-last-child\" data-index=\"1\" ><div\n\t\t\t\n\t\t\tclass=\"so-widget-sow-slider so-widget-sow-slider-default-6d39609536fd-319\"\n\t\t\t\n\t\t>\t\t\t\t<div class=\"sow-slider-base\" style=\"display: none\" tabindex=\"0\">\n\t\t\t\t\t<ul\n\t\t\t\t\tclass=\"sow-slider-images\"\n\t\t\t\t\tdata-settings=\"{&quot;pagination&quot;:true,&quot;speed&quot;:500,&quot;timeout&quot;:1500,&quot;paused&quot;:false,&quot;pause_on_hover&quot;:false,&quot;swipe&quot;:true,&quot;nav_always_show_desktop&quot;:&quot;&quot;,&quot;nav_always_show_mobile&quot;:&quot;&quot;,&quot;breakpoint&quot;:&quot;780px&quot;,&quot;unmute&quot;:false,&quot;anchor&quot;:null}\"\n\t\t\t\t\t\t\t\t\t\tdata-anchor-id=\"\"\n\t\t\t\t>\t\t<li class=\"sow-slider-image\" style=\"visibility: visible;\" >\n\t\t\t\t\t\t<div class=\"sow-slider-image-container\">\n\t\t\t\t<div class=\"sow-slider-image-wrapper\" style=\"max-width: 1303px\">\n\t\t\t\t\t\t\t\t\t\t<div class=\"sow-slider-image-foreground-wrapper\">\n\t\t\t\t\t\t<img loading=\"lazy\" decoding=\"async\" width=\"1303\" height=\"1366\" src=\"https:\/\/www.couriraveclirahm.be\/wp-content\/uploads\/2026\/01\/preparatifs-salle-2-1.jpg\" class=\"sow-slider-foreground-image\" alt=\"\" style=\"\" srcset=\"https:\/\/www.couriraveclirahm.be\/wp-content\/uploads\/2026\/01\/preparatifs-salle-2-1.jpg 1303w, https:\/\/www.couriraveclirahm.be\/wp-content\/uploads\/2026\/01\/preparatifs-salle-2-1-286x300.jpg 286w, https:\/\/www.couriraveclirahm.be\/wp-content\/uploads\/2026\/01\/preparatifs-salle-2-1-977x1024.jpg 977w, https:\/\/www.couriraveclirahm.be\/wp-content\/uploads\/2026\/01\/preparatifs-salle-2-1-768x805.jpg 768w, https:\/\/www.couriraveclirahm.be\/wp-content\/uploads\/2026\/01\/preparatifs-salle-2-1-612x642.jpg 612w, https:\/\/www.couriraveclirahm.be\/wp-content\/uploads\/2026\/01\/preparatifs-salle-2-1-1224x1283.jpg 1224w, https:\/\/www.couriraveclirahm.be\/wp-content\/uploads\/2026\/01\/preparatifs-salle-2-1-936x981.jpg 936w, https:\/\/www.couriraveclirahm.be\/wp-content\/uploads\/2026\/01\/preparatifs-salle-2-1-720x755.jpg 720w\" sizes=\"auto, (max-width: 1303px) 100vw, 1303px\" \/>\t\t\t\t\t<\/div>\n\t\t\t\t\t\t\t\t\t<\/div>\n\t\t\t<\/div>\n\t\t\t\t\t<\/li>\n\t\t\t\t<li class=\"sow-slider-image\" style=\"visibility: hidden;\" >\n\t\t\t\t\t\t<img loading=\"lazy\" decoding=\"async\" width=\"744\" height=\"447\" src=\"https:\/\/www.couriraveclirahm.be\/wp-content\/uploads\/2024\/04\/Banner-VIGO-Orthomed-1265x545-1-e1713166790514.jpg\" class=\"sow-slider-background-image\" alt=\"\" style=\"\" srcset=\"https:\/\/www.couriraveclirahm.be\/wp-content\/uploads\/2024\/04\/Banner-VIGO-Orthomed-1265x545-1-e1713166790514.jpg 744w, https:\/\/www.couriraveclirahm.be\/wp-content\/uploads\/2024\/04\/Banner-VIGO-Orthomed-1265x545-1-e1713166790514-300x180.jpg 300w, https:\/\/www.couriraveclirahm.be\/wp-content\/uploads\/2024\/04\/Banner-VIGO-Orthomed-1265x545-1-e1713166790514-612x368.jpg 612w, https:\/\/www.couriraveclirahm.be\/wp-content\/uploads\/2024\/04\/Banner-VIGO-Orthomed-1265x545-1-e1713166790514-720x433.jpg 720w\" sizes=\"auto, (max-width: 744px) 100vw, 744px\" \/>\t\t<\/li>\n\t\t\t\t<li class=\"sow-slider-image\" style=\"visibility: hidden;\" >\n\t\t\t\t\t\t<img loading=\"lazy\" decoding=\"async\" width=\"800\" height=\"271\" src=\"https:\/\/www.couriraveclirahm.be\/wp-content\/uploads\/2024\/02\/logo_orthens-6.png\" class=\"sow-slider-background-image\" alt=\"\" style=\"\" srcset=\"https:\/\/www.couriraveclirahm.be\/wp-content\/uploads\/2024\/02\/logo_orthens-6.png 800w, https:\/\/www.couriraveclirahm.be\/wp-content\/uploads\/2024\/02\/logo_orthens-6-300x102.png 300w, https:\/\/www.couriraveclirahm.be\/wp-content\/uploads\/2024\/02\/logo_orthens-6-768x260.png 768w, https:\/\/www.couriraveclirahm.be\/wp-content\/uploads\/2024\/02\/logo_orthens-6-612x207.png 612w, https:\/\/www.couriraveclirahm.be\/wp-content\/uploads\/2024\/02\/logo_orthens-6-720x244.png 720w\" sizes=\"auto, (max-width: 800px) 100vw, 800px\" \/>\t\t<\/li>\n\t\t\t\t<li class=\"sow-slider-image\" style=\"visibility: hidden;\" >\n\t\t\t\t\t\t<img loading=\"lazy\" decoding=\"async\" width=\"1920\" height=\"580\" src=\"https:\/\/www.couriraveclirahm.be\/wp-content\/uploads\/2024\/04\/Capture.jpg\" class=\"sow-slider-background-image\" alt=\"\" style=\"\" srcset=\"https:\/\/www.couriraveclirahm.be\/wp-content\/uploads\/2024\/04\/Capture.jpg 1920w, https:\/\/www.couriraveclirahm.be\/wp-content\/uploads\/2024\/04\/Capture-300x91.jpg 300w, https:\/\/www.couriraveclirahm.be\/wp-content\/uploads\/2024\/04\/Capture-1024x309.jpg 1024w, https:\/\/www.couriraveclirahm.be\/wp-content\/uploads\/2024\/04\/Capture-768x232.jpg 768w, https:\/\/www.couriraveclirahm.be\/wp-content\/uploads\/2024\/04\/Capture-1536x464.jpg 1536w, https:\/\/www.couriraveclirahm.be\/wp-content\/uploads\/2024\/04\/Capture-612x185.jpg 612w, https:\/\/www.couriraveclirahm.be\/wp-content\/uploads\/2024\/04\/Capture-1224x370.jpg 1224w, https:\/\/www.couriraveclirahm.be\/wp-content\/uploads\/2024\/04\/Capture-936x283.jpg 936w, https:\/\/www.couriraveclirahm.be\/wp-content\/uploads\/2024\/04\/Capture-1872x566.jpg 1872w, https:\/\/www.couriraveclirahm.be\/wp-content\/uploads\/2024\/04\/Capture-1440x435.jpg 1440w, https:\/\/www.couriraveclirahm.be\/wp-content\/uploads\/2024\/04\/Capture-720x218.jpg 720w\" sizes=\"auto, (max-width: 1920px) 100vw, 1920px\" \/>\t\t<\/li>\n\t\t\t\t<li class=\"sow-slider-image\" style=\"visibility: hidden;\" >\n\t\t\t\t\t\t<div class=\"sow-slider-image-container\">\n\t\t\t\t<div class=\"sow-slider-image-wrapper\" style=\"max-width: 494px\">\n\t\t\t\t\t\t\t\t\t\t<div class=\"sow-slider-image-foreground-wrapper\">\n\t\t\t\t\t\t<img loading=\"lazy\" decoding=\"async\" width=\"494\" height=\"298\" src=\"https:\/\/www.couriraveclirahm.be\/wp-content\/uploads\/2026\/01\/Capture-decran-2026-01-16-a-11.59.08.png\" class=\"sow-slider-foreground-image\" alt=\"\" style=\"\" srcset=\"https:\/\/www.couriraveclirahm.be\/wp-content\/uploads\/2026\/01\/Capture-decran-2026-01-16-a-11.59.08.png 494w, https:\/\/www.couriraveclirahm.be\/wp-content\/uploads\/2026\/01\/Capture-decran-2026-01-16-a-11.59.08-300x181.png 300w\" sizes=\"auto, (max-width: 494px) 100vw, 494px\" \/>\t\t\t\t\t<\/div>\n\t\t\t\t\t\t\t\t\t<\/div>\n\t\t\t<\/div>\n\t\t\t\t\t<\/li>\n\t\t\t\t<li class=\"sow-slider-image\" style=\"visibility: hidden;\" >\n\t\t\t\t\t\t<div class=\"sow-slider-image-container\">\n\t\t\t\t<div class=\"sow-slider-image-wrapper\" style=\"max-width: 594px\">\n\t\t\t\t\t\t\t\t\t\t<div class=\"sow-slider-image-foreground-wrapper\">\n\t\t\t\t\t\t<img loading=\"lazy\" decoding=\"async\" width=\"594\" height=\"433\" src=\"https:\/\/www.couriraveclirahm.be\/wp-content\/uploads\/2026\/01\/cropped-69706906_116330719731047_3337316616944746496_n.jpeg\" class=\"sow-slider-foreground-image\" alt=\"\" style=\"\" srcset=\"https:\/\/www.couriraveclirahm.be\/wp-content\/uploads\/2026\/01\/cropped-69706906_116330719731047_3337316616944746496_n.jpeg 594w, https:\/\/www.couriraveclirahm.be\/wp-content\/uploads\/2026\/01\/cropped-69706906_116330719731047_3337316616944746496_n-300x219.jpeg 300w\" sizes=\"auto, (max-width: 594px) 100vw, 594px\" \/>\t\t\t\t\t<\/div>\n\t\t\t\t\t\t\t\t\t<\/div>\n\t\t\t<\/div>\n\t\t\t\t\t<\/li>\n\t\t\t\t<li class=\"sow-slider-image\" style=\"visibility: hidden;\" >\n\t\t\t\t\t\t<div class=\"sow-slider-image-container\">\n\t\t\t\t<div class=\"sow-slider-image-wrapper\" style=\"max-width: 570px\">\n\t\t\t\t\t\t\t\t\t\t<div class=\"sow-slider-image-foreground-wrapper\">\n\t\t\t\t\t\t<img loading=\"lazy\" decoding=\"async\" width=\"570\" height=\"574\" src=\"https:\/\/www.couriraveclirahm.be\/wp-content\/uploads\/2026\/01\/Capture-decran-2026-01-16-a-11.58.40.png\" class=\"sow-slider-foreground-image\" alt=\"\" style=\"\" srcset=\"https:\/\/www.couriraveclirahm.be\/wp-content\/uploads\/2026\/01\/Capture-decran-2026-01-16-a-11.58.40.png 570w, https:\/\/www.couriraveclirahm.be\/wp-content\/uploads\/2026\/01\/Capture-decran-2026-01-16-a-11.58.40-298x300.png 298w, https:\/\/www.couriraveclirahm.be\/wp-content\/uploads\/2026\/01\/Capture-decran-2026-01-16-a-11.58.40-150x150.png 150w\" sizes=\"auto, (max-width: 570px) 100vw, 570px\" \/>\t\t\t\t\t<\/div>\n\t\t\t\t\t\t\t\t\t<\/div>\n\t\t\t<\/div>\n\t\t\t\t\t<\/li>\n\t\t\t\t<li class=\"sow-slider-image\" style=\"visibility: hidden;\" >\n\t\t\t\t\t\t<div class=\"sow-slider-image-container\">\n\t\t\t\t<div class=\"sow-slider-image-wrapper\" style=\"max-width: 486px\">\n\t\t\t\t\t\t\t\t\t\t<div class=\"sow-slider-image-foreground-wrapper\">\n\t\t\t\t\t\t<img loading=\"lazy\" decoding=\"async\" width=\"486\" height=\"286\" src=\"https:\/\/www.couriraveclirahm.be\/wp-content\/uploads\/2026\/01\/Capture-decran-2026-01-16-a-11.59.03.png\" class=\"sow-slider-foreground-image\" alt=\"\" style=\"\" srcset=\"https:\/\/www.couriraveclirahm.be\/wp-content\/uploads\/2026\/01\/Capture-decran-2026-01-16-a-11.59.03.png 486w, https:\/\/www.couriraveclirahm.be\/wp-content\/uploads\/2026\/01\/Capture-decran-2026-01-16-a-11.59.03-300x177.png 300w\" sizes=\"auto, (max-width: 486px) 100vw, 486px\" \/>\t\t\t\t\t<\/div>\n\t\t\t\t\t\t\t\t\t<\/div>\n\t\t\t<\/div>\n\t\t\t\t\t<\/li>\n\t\t<\/ul>\t\t\t\t<ol class=\"sow-slider-pagination\">\n\t\t\t\t\t\t\t\t\t\t\t<li><a href=\"#\" data-goto=\"0\" aria-label=\"Display slide 1\"><\/a><\/li>\n\t\t\t\t\t\t\t\t\t\t\t<li><a href=\"#\" data-goto=\"1\" aria-label=\"Display slide 2\"><\/a><\/li>\n\t\t\t\t\t\t\t\t\t\t\t<li><a href=\"#\" data-goto=\"2\" aria-label=\"Display slide 3\"><\/a><\/li>\n\t\t\t\t\t\t\t\t\t\t\t<li><a href=\"#\" data-goto=\"3\" aria-label=\"Display slide 4\"><\/a><\/li>\n\t\t\t\t\t\t\t\t\t\t\t<li><a href=\"#\" data-goto=\"4\" aria-label=\"Display slide 5\"><\/a><\/li>\n\t\t\t\t\t\t\t\t\t\t\t<li><a href=\"#\" data-goto=\"5\" aria-label=\"Display slide 6\"><\/a><\/li>\n\t\t\t\t\t\t\t\t\t\t\t<li><a href=\"#\" data-goto=\"6\" aria-label=\"Display slide 7\"><\/a><\/li>\n\t\t\t\t\t\t\t\t\t\t\t<li><a href=\"#\" data-goto=\"7\" aria-label=\"Display slide 8\"><\/a><\/li>\n\t\t\t\t\t\t\t\t\t<\/ol>\n\n\t\t\t\t<div class=\"sow-slide-nav sow-slide-nav-next\">\n\t\t\t\t\t<a href=\"#\" data-goto=\"next\" aria-label=\"Next slide\" data-action=\"next\">\n\t\t\t\t\t\t<em class=\"sow-sld-icon-thin-right\"><\/em>\n\t\t\t\t\t<\/a>\n\t\t\t\t<\/div>\n\n\t\t\t\t<div class=\"sow-slide-nav sow-slide-nav-prev\">\n\t\t\t\t\t<a href=\"#\" data-goto=\"previous\" aria-label=\"Previous slide\" data-action=\"prev\">\n\t\t\t\t\t\t<em class=\"sow-sld-icon-thin-left\"><\/em>\n\t\t\t\t\t<\/a>\n\t\t\t\t<\/div>\n\t\t\t\t<\/div><\/div><\/div><\/div><\/div><div id=\"pg-319-1\"  class=\"panel-grid panel-no-style\" ><div id=\"pgc-319-1-0\"  class=\"panel-grid-cell panel-grid-cell-mobile-last\" ><div id=\"panel-319-1-0-0\" class=\"so-panel widget widget_sow-editor panel-first-child panel-last-child\" data-index=\"2\" ><div\n\t\t\t\n\t\t\tclass=\"so-widget-sow-editor so-widget-sow-editor-base\"\n\t\t\t\n\t\t>\n<div class=\"siteorigin-widget-tinymce textwidget\">\n\t<p>Lien vers le site de Vigo groupe, orth\u00e9siste qui fournit le mat\u00e9riel orthop\u00e9dique aux enfants!<\/p>\n<p><a href=\"http:\/\/www.vigogroup.eu\/\">http:\/\/www.vigogroup.eu\/<\/a><\/p>\n<p>Lien vers le site de Orthens, orth\u00e9siste p\u00e9diatrique.<\/p>\n<p><a href=\"https:\/\/www.orthens.be\">https:\/\/www.orthens.be<\/a><\/p>\n<p>Lien vers le site de Dokeos, qui organise des formations en ligne.<\/p>\n<p><a href=\"https:\/\/www.dokeos.com\/fr\/\">https:\/\/www.dokeos.com\/fr\/<\/a><\/p>\n<p>Lien vers le site de Mobility Concept, sp\u00e9cialis\u00e9 dans aides techniques pour les personnes \u00e0 mobilit\u00e9 r\u00e9duite.<\/p>\n<p><a href=\"https:\/\/www.mobility-concept.be\">https:\/\/www.mobility-concept.be\/<\/a><\/p>\n<p>Lien vers le site de Nestia, centre pluridisciplinaire<\/p>\n<p><a href=\"https:\/\/www.nestia.be\">https:\/\/www.nestia.be\u00a0<\/a><\/p>\n<p>Lien vers le site de Kaligrav, atelier d'infographie inclusif<\/p>\n<p><a href=\"https:\/\/kaligrav.be\">https:\/\/kaligrav.be\/<\/a><\/p>\n<p>Lien vers le site de HMC, solutions de mobilit\u00e9 et de communication<\/p>\n<p><a href=\"https:\/\/www.qualias.be\/128-hmc-by-qualias\">https:\/\/www.qualias.be\/128-hmc-by-qualias<\/a><\/p>\n<\/div>\n<\/div><\/div><\/div><div id=\"pgc-319-1-1\"  class=\"panel-grid-cell panel-grid-cell-empty\" ><\/div><\/div><\/div>","protected":false},"excerpt":{"rendered":"<p>Nous tenons \u00e0 remercier nos sponsors de l\u2019\u00e9dition de 2025! Merci \u00e9galement \u00e0 toutes les petites mains, les b\u00e9n\u00e9voles, et les coureurs pour qui rendent ce projet possible et permettent \u00e0 chacun de se faire de si chouettes souvenirs. Lien vers le site de Vigo groupe, orth\u00e9siste qui fournit le mat\u00e9riel orthop\u00e9dique aux enfants! http:\/\/www.vigogroup.eu\/&#8230; <a href=\"https:\/\/www.couriraveclirahm.be\/index.php\/merci-a-nos-sponsors\/\">Continue reading <span class=\"screen-reader-text\">\u00ab\u00a0REMERCIEMENTS\u00a0\u00bb<\/span><\/a><\/p>\n","protected":false},"author":1,"featured_media":0,"parent":0,"menu_order":0,"comment_status":"closed","ping_status":"closed","template":"","meta":{"footnotes":""},"class_list":["post-319","page","type-page","status-publish","hentry"],"_links":{"self":[{"href":"https:\/\/www.couriraveclirahm.be\/index.php\/wp-json\/wp\/v2\/pages\/319","targetHints":{"allow":["GET"]}}],"collection":[{"href":"https:\/\/www.couriraveclirahm.be\/index.php\/wp-json\/wp\/v2\/pages"}],"about":[{"href":"https:\/\/www.couriraveclirahm.be\/index.php\/wp-json\/wp\/v2\/types\/page"}],"author":[{"embeddable":true,"href":"https:\/\/www.couriraveclirahm.be\/index.php\/wp-json\/wp\/v2\/users\/1"}],"replies":[{"embeddable":true,"href":"https:\/\/www.couriraveclirahm.be\/index.php\/wp-json\/wp\/v2\/comments?post=319"}],"version-history":[{"count":26,"href":"https:\/\/www.couriraveclirahm.be\/index.php\/wp-json\/wp\/v2\/pages\/319\/revisions"}],"predecessor-version":[{"id":816,"href":"https:\/\/www.couriraveclirahm.be\/index.php\/wp-json\/wp\/v2\/pages\/319\/revisions\/816"}],"wp:attachment":[{"href":"https:\/\/www.couriraveclirahm.be\/index.php\/wp-json\/wp\/v2\/media?parent=319"}],"curies":[{"name":"wp","href":"https:\/\/api.w.org\/{rel}","templated":true}]}}