{"id":88,"date":"2018-12-10T11:48:02","date_gmt":"2018-12-10T10:48:02","guid":{"rendered":"http:\/\/www.couriraveclirahm.be\/?page_id=88"},"modified":"2026-01-16T12:12:26","modified_gmt":"2026-01-16T11:12:26","slug":"nous-soutenir","status":"publish","type":"page","link":"https:\/\/www.couriraveclirahm.be\/index.php\/nous-soutenir\/","title":{"rendered":"Nous soutenir"},"content":{"rendered":"<div id=\"pl-88\"  class=\"panel-layout\" ><div id=\"pg-88-0\"  class=\"panel-grid panel-no-style\" ><div id=\"pgc-88-0-0\"  class=\"panel-grid-cell\" ><div id=\"panel-88-0-0-0\" class=\"so-panel widget widget_sow-editor panel-first-child panel-last-child\" data-index=\"0\" ><div\n\t\t\t\n\t\t\tclass=\"so-widget-sow-editor so-widget-sow-editor-base\"\n\t\t\t\n\t\t>\n<div class=\"siteorigin-widget-tinymce textwidget\">\n\t<h3>Comment?<\/h3>\n<p>Votre soutien peut prendre plusieurs formes :<\/p>\n<h3>Le soutien sportif<\/h3>\n<p>Inscrivez vous par notre interm\u00e9diaire aux 20km de Bruxelles et versez nous une participation de 50 \u20ac. Cette somme comprend votre inscription, la location du mat\u00e9riel, le t-shirt et le soutien du projet. Ce versement doit obligatoirement se faire sur le compte BE68 7320 1572 2034 avec la mention \u00abTh\u00e9rapies : 20 km + nom et pr\u00e9nom \u00bb<\/p>\n<p><strong>Les inscriptions\u00a0 sont ouvertes, allez sur l'onglet \"inscriptions\".<\/strong><\/p>\n<p>De notre c\u00f4t\u00e9, nous nous mobilisons pour constituer des \u00e9quipes qui pousseront, tireront, accompagneront les jeunes. Ces \u00e9quipes seront constitu\u00e9es de membres du personnel de l\u2019IRAHM, mais aussi de tous ceux qui auront envie de nous soutenir dans ce projet sportif : parents, amis et connaissances, membres de clubs sportifs, ...<br \/>\nNous nous chargeons par ailleurs de rassembler le mat\u00e9riel n\u00e9cessaire (buggies, jo\u00eblettes, ...), d\u2019organiser les entra\u00eenements et les aspects logistiques du projet.<\/p>\n<p>Si certains le pr\u00e9f\u00e8rent, ils peuvent aussi participer aux 20 km, sans pousser ou accompagner un jeune.<br \/>\nNous nous occupons des formalit\u00e9s administratives concernant les inscriptions de chacun.<\/p>\n<\/div>\n<\/div><\/div><\/div><\/div><div id=\"pg-88-1\"  class=\"panel-grid panel-no-style\" ><div id=\"pgc-88-1-0\"  class=\"panel-grid-cell panel-grid-cell-mobile-last\" ><div id=\"panel-88-1-0-0\" class=\"so-panel widget widget_sow-editor panel-first-child panel-last-child\" data-index=\"1\" ><div\n\t\t\t\n\t\t\tclass=\"so-widget-sow-editor so-widget-sow-editor-base\"\n\t\t\t\n\t\t>\n<div class=\"siteorigin-widget-tinymce textwidget\">\n\t<h3>Le soutien financier<\/h3>\n<h4><strong>Un don<\/strong><\/h4>\n<p>Soutenez notre projet en versant un don sur le compte BE35 7320 4360 0137\u200b de l'IRAHM, avec imp\u00e9rativement en communication la mention \u00ab Don 20 km \u00bb (tout don au-dessus de 40\u20ac permet d'avoir une d\u00e9duction fiscale).<\/p>\n<h4><strong>Le sponsoring<\/strong><\/h4>\n<p>Vous souhaitez nous aider et voir le logo de votre soci\u00e9t\u00e9 affich\u00e9 sur les t-shirt port\u00e9 par les coureurs ? C'est facile !<\/p>\n<p>Faites un don de minimum 400 \u20ac sur le compte BE35 7320 4360 0137 au nom de l'I.R.A.H.M, avec la mention \"Sponsor 20 Km + Nom de votre entreprise\" et nous nous chargerons du reste.<\/p>\n<p>Contactez-nous \u00e0 l'adresse suivante 20kmirahm@gmail.com pour pr\u00e9ciser les d\u00e9tails et nous envoyer votre logo<\/p>\n<\/div>\n<\/div><\/div><\/div><div id=\"pgc-88-1-1\"  class=\"panel-grid-cell panel-grid-cell-empty\" ><\/div><\/div><div id=\"pg-88-2\"  class=\"panel-grid panel-no-style\" ><div id=\"pgc-88-2-0\"  class=\"panel-grid-cell\" ><div id=\"panel-88-2-0-0\" class=\"so-panel widget widget_sow-image panel-first-child panel-last-child\" data-index=\"2\" ><div\n\t\t\t\n\t\t\tclass=\"so-widget-sow-image so-widget-sow-image-default-8b5b6f678277-88\"\n\t\t\t\n\t\t>\n<div class=\"sow-image-container\">\n\t\t<img \n\tsrc=\"https:\/\/www.couriraveclirahm.be\/wp-content\/uploads\/2018\/12\/15km-de-Woluwe_2018_DEMANET_BD_-121.jpg\" width=\"1176\" height=\"938\" srcset=\"https:\/\/www.couriraveclirahm.be\/wp-content\/uploads\/2018\/12\/15km-de-Woluwe_2018_DEMANET_BD_-121.jpg 1176w, https:\/\/www.couriraveclirahm.be\/wp-content\/uploads\/2018\/12\/15km-de-Woluwe_2018_DEMANET_BD_-121-300x239.jpg 300w, https:\/\/www.couriraveclirahm.be\/wp-content\/uploads\/2018\/12\/15km-de-Woluwe_2018_DEMANET_BD_-121-768x613.jpg 768w, https:\/\/www.couriraveclirahm.be\/wp-content\/uploads\/2018\/12\/15km-de-Woluwe_2018_DEMANET_BD_-121-1024x817.jpg 1024w\" sizes=\"(max-width: 1176px) 100vw, 1176px\" title=\"BRUXELLES 13.05.2018Urban TourJogging 15 km de Woluwe\u00a9projectopress  Michel Damanet\" alt=\"\" \t\tclass=\"so-widget-image\"\/>\n\t<\/div>\n\n<\/div><\/div><\/div><div id=\"pgc-88-2-1\"  class=\"panel-grid-cell\" ><div id=\"panel-88-2-1-0\" class=\"so-panel widget widget_sow-editor panel-first-child panel-last-child\" data-index=\"3\" ><div\n\t\t\t\n\t\t\tclass=\"so-widget-sow-editor so-widget-sow-editor-base\"\n\t\t\t\n\t\t>\n<div class=\"siteorigin-widget-tinymce textwidget\">\n\t<h3>Le soutien en nature<\/h3>\n<p>Aidez-nous en nous pr\u00eatant du mat\u00e9riel (jo\u00eblette, buggy ...), en nous fournissant des T-shirt ou des boissons et barres \u00e9nergisantes, ... pour nos entra\u00eenements et pour la course.<br \/>\nVous vous sentez plut\u00f4t l\u2019\u00e2me de pom-pom girls\/boys ou de supporters : rejoignez nos \u00e9quipes de soutien le long du parcours !<br \/>\nContactez-nous via notre onglet <a href=\"http:\/\/www.couriraveclirahm.be\/index.php\/contact-2\/\">contact<\/a> ou par mail : couriraveclirahm@gmail.com .<\/p>\n<\/div>\n<\/div><\/div><\/div><\/div><\/div>","protected":false},"excerpt":{"rendered":"<p>Comment? Votre soutien peut prendre plusieurs formes : Le soutien sportif Inscrivez vous par notre interm\u00e9diaire aux 20km de Bruxelles et versez nous une participation de 50 \u20ac. Cette somme comprend votre inscription, la location du mat\u00e9riel, le t-shirt et le soutien du projet. Ce versement doit obligatoirement se faire sur le compte BE68 7320&#8230; <a href=\"https:\/\/www.couriraveclirahm.be\/index.php\/nous-soutenir\/\">Continue reading <span class=\"screen-reader-text\">\u00ab\u00a0Nous soutenir\u00a0\u00bb<\/span><\/a><\/p>\n","protected":false},"author":1,"featured_media":424,"parent":0,"menu_order":0,"comment_status":"closed","ping_status":"closed","template":"","meta":{"footnotes":""},"class_list":["post-88","page","type-page","status-publish","has-post-thumbnail","hentry"],"_links":{"self":[{"href":"https:\/\/www.couriraveclirahm.be\/index.php\/wp-json\/wp\/v2\/pages\/88","targetHints":{"allow":["GET"]}}],"collection":[{"href":"https:\/\/www.couriraveclirahm.be\/index.php\/wp-json\/wp\/v2\/pages"}],"about":[{"href":"https:\/\/www.couriraveclirahm.be\/index.php\/wp-json\/wp\/v2\/types\/page"}],"author":[{"embeddable":true,"href":"https:\/\/www.couriraveclirahm.be\/index.php\/wp-json\/wp\/v2\/users\/1"}],"replies":[{"embeddable":true,"href":"https:\/\/www.couriraveclirahm.be\/index.php\/wp-json\/wp\/v2\/comments?post=88"}],"version-history":[{"count":34,"href":"https:\/\/www.couriraveclirahm.be\/index.php\/wp-json\/wp\/v2\/pages\/88\/revisions"}],"predecessor-version":[{"id":627,"href":"https:\/\/www.couriraveclirahm.be\/index.php\/wp-json\/wp\/v2\/pages\/88\/revisions\/627"}],"wp:featuredmedia":[{"embeddable":true,"href":"https:\/\/www.couriraveclirahm.be\/index.php\/wp-json\/wp\/v2\/media\/424"}],"wp:attachment":[{"href":"https:\/\/www.couriraveclirahm.be\/index.php\/wp-json\/wp\/v2\/media?parent=88"}],"curies":[{"name":"wp","href":"https:\/\/api.w.org\/{rel}","templated":true}]}}